{"id":1624,"date":"2017-04-28T12:11:04","date_gmt":"2017-04-28T10:11:04","guid":{"rendered":"https:\/\/www.radyoga.fr\/?page_id=1624\/"},"modified":"2018-03-22T15:18:03","modified_gmt":"2018-03-22T14:18:03","slug":"concept","status":"publish","type":"page","link":"https:\/\/www.radyoga.art\/en\/concept\/","title":{"rendered":"Concept"},"content":{"rendered":"<section class=\"wpb-content-wrapper\"><p>[vc_row full_width=&#8221;stretch_row_content_no_spaces&#8221; css=&#8221;.vc_custom_1493391113725{background-image: url(https:\/\/www.radyoga.art\/wp-content\/uploads\/2017\/04\/header-Concept02.jpg?id=595) !important;background-position: center !important;background-repeat: no-repeat !important;background-size: cover !important;}&#8221;][vc_column][vc_empty_space height=&#8221;340px&#8221;][\/vc_column][\/vc_row][vc_row][vc_column offset=&#8221;vc_col-sm-offset-0&#8243;][vc_empty_space height=&#8221;35px&#8221;][vc_single_image image=&#8221;2442&#8243; img_size=&#8221;full&#8221;][\/vc_column][\/vc_row][vc_row gap=&#8221;5&#8243;][vc_column width=&#8221;1\/3&#8243; offset=&#8221;vc_hidden-sm&#8221;][vc_column_text]<strong>To Share wellness with music.. This is the founding idea from Radyoga. <\/strong><\/p>\n<p><strong>You\u2019ll find here life style and wellness blog articles, art inspiration, handcrafted goods.<br \/>\nAnd all of this while listening music, cause firstly, Radyoga is a web radio, you know what I mean?<br \/>\n<\/strong>[\/vc_column_text][vc_raw_html]JTNDZGl2JTIwc3R5bGUlM0QlMjJ0ZXh0LWFsaWduJTNBJTIwY2VudGVyJTNCJTIyJTNFJTNDc3BhbiUyMHN0eWxlJTNEJTIyZm9udC13ZWlnaHQlM0Fib2xkJTNCJTIyJTNFJTNDYSUyMGhyZWYlM0QlMjJodHRwcyUzQSUyRiUyRnd3dy5yYWRpb2tpbmcuY29tJTJGd2lkZ2V0cyUyRnBsYXllciUyRnBsYXllci5waHAlM0ZpZCUzRDMyNzI2JTI2YW1wJTNCYyUzRCUyNTIzZmE5Zjk2JTI2YW1wJTNCaWklM0QlMjZhbXAlM0JwJTNEMSUyNmFtcCUzQnBwJTNEMSUyNmFtcCUzQmklM0QxJTI2YW1wJTNCZXElM0QxJTI2YW1wJTNCcG8lM0QxJTI2YW1wJTNCdCUzRDElMjZhbXAlM0JhJTNEMSUyNmFtcCUzQmYlM0RiaWclMjIlMjBvbmNsaWNrJTNEJTIyd2luZG93Lm9wZW4lMjh0aGlzLmhyZWYlMkMlMjAlMjdleGVtcGxlJTI3JTJDJTIwJTI3aGVpZ2h0JTNEMjAwJTJDJTIwd2lkdGglM0Q0MDAlMkMlMjB0b3AlM0QxMDAlMkMlMjBsZWZ0JTNEMTAwJTJDJTIwdG9vbGJhciUzRG5vJTJDJTIwbWVudWJhciUzRHllcyUyQyUyMGxvY2F0aW9uJTNEbm8lMkMlMjByZXNpemFibGUlM0R5ZXMlMkMlMjBzY3JvbGxiYXJzJTNEbm8lMkMlMjBzdGF0dXMlM0RubyUyNyUyOSUzQiUyMHJldHVybiUyMGZhbHNlJTNCJTIyJTNFTGlzdGVuJTIwdGhlcmUlMjBhbmQlMjByZWxheCUyMCUyMSUzQyUyRmElM0UlM0MlMkZzcGFuJTNFJTNDJTJGZGl2JTNF[\/vc_raw_html][\/vc_column][vc_column width=&#8221;1\/3&#8243; offset=&#8221;vc_hidden-sm&#8221;][vc_single_image image=&#8221;578&#8243; img_size=&#8221;full&#8221; alignment=&#8221;center&#8221; css_animation=&#8221;rotateIn&#8221;][\/vc_column][vc_column width=&#8221;1\/3&#8243; offset=&#8221;vc_hidden-sm&#8221;][vc_column_text]In order to not disturb during your sound experience, you will never been annoyed by advertise break.<\/p>\n<p>In the Radyomag, we talk about wellness and music: artist interviews, videos, healthy recepy, yoga teacher articles\u2026<\/p>\n<p><strong><a href=\"\/?page_id=2456\">It&#8217;s good and just there&#8230;<\/a><br \/>\n<\/strong><\/p>\n<p>Yoga is our passion. This project saw the light of day thanks to this practice.<br \/>\nIn a near future we will propose podcast and video about yoga and wellness.[\/vc_column_text][\/vc_column][\/vc_row][vc_row gap=&#8221;5&#8243;][vc_column offset=&#8221;vc_hidden-lg vc_hidden-md vc_hidden-xs&#8221;][vc_column_text]<strong>To Share wellness with music.. This is the founding idea from Radyoga. <\/strong><\/p>\n<p><strong>You\u2019ll find here life style and wellness blog articles, art inspiration, handcrafted goods.<br \/>\nAnd all of this while listening music, cause firstly, Radyoga is a web radio, you know what I mean?<br \/>\n<\/strong>[\/vc_column_text][vc_raw_html]JTNDZGl2JTIwc3R5bGUlM0QlMjJ0ZXh0LWFsaWduJTNBJTIwY2VudGVyJTNCJTIyJTNFJTNDc3BhbiUyMHN0eWxlJTNEJTIyZm9udC13ZWlnaHQlM0Fib2xkJTNCJTIyJTNFJTNDYSUyMGhyZWYlM0QlMjJodHRwcyUzQSUyRiUyRnd3dy5yYWRpb2tpbmcuY29tJTJGd2lkZ2V0cyUyRnBsYXllciUyRnBsYXllci5waHAlM0ZpZCUzRDMyNzI2JTI2YW1wJTNCYyUzRCUyNTIzZmE5Zjk2JTI2YW1wJTNCaWklM0QlMjZhbXAlM0JwJTNEMSUyNmFtcCUzQnBwJTNEMSUyNmFtcCUzQmklM0QxJTI2YW1wJTNCZXElM0QxJTI2YW1wJTNCcG8lM0QxJTI2YW1wJTNCdCUzRDElMjZhbXAlM0JhJTNEMSUyNmFtcCUzQmYlM0RiaWclMjIlMjBvbmNsaWNrJTNEJTIyd2luZG93Lm9wZW4lMjh0aGlzLmhyZWYlMkMlMjAlMjdleGVtcGxlJTI3JTJDJTIwJTI3aGVpZ2h0JTNEMjAwJTJDJTIwd2lkdGglM0Q0MDAlMkMlMjB0b3AlM0QxMDAlMkMlMjBsZWZ0JTNEMTAwJTJDJTIwdG9vbGJhciUzRG5vJTJDJTIwbWVudWJhciUzRHllcyUyQyUyMGxvY2F0aW9uJTNEbm8lMkMlMjByZXNpemFibGUlM0R5ZXMlMkMlMjBzY3JvbGxiYXJzJTNEbm8lMkMlMjBzdGF0dXMlM0RubyUyNyUyOSUzQiUyMHJldHVybiUyMGZhbHNlJTNCJTIyJTNFRWNvdXRleiUyMGljaSUyMGV0JTIwZCVDMyVBOXRlbmRleiUyMHZvdXMlMjAlMjElM0MlMkZhJTNFJTNDJTJGc3BhbiUzRSUzQyUyRmRpdiUzRQ==[\/vc_raw_html][vc_single_image image=&#8221;578&#8243; img_size=&#8221;full&#8221; alignment=&#8221;center&#8221; css_animation=&#8221;rotateIn&#8221;][vc_column_text]In order to not disturb during your sound experience, you will never been annoyed by advertise break.<\/p>\n<p>In the Radyomag, we talk about wellness and music: artist interviews, videos, healthy recepy, yoga teacher articles\u2026<\/p>\n<p><strong>C\u2019est bon et c\u2019est juste par l\u00e0<\/strong><\/p>\n<p>Yoga is our passion. This project saw the light of day thanks to this practice.<br \/>\nIn a near future we will propose podcast and video about yoga and wellness.[\/vc_column_text][\/vc_column][\/vc_row][vc_row][vc_column offset=&#8221;vc_hidden-sm&#8221;][vc_row_inner][vc_column_inner width=&#8221;1\/2&#8243;]<div class=\"ult-spacer spacer-69d984eb1dd28\" data-id=\"69d984eb1dd28\" data-height=\"70\" data-height-mobile=\"5\" data-height-tab=\"70\" data-height-tab-portrait=\"50\" data-height-mobile-landscape=\"5\" style=\"clear:both;display:block;\"><\/div>[vc_single_image image=&#8221;2525&#8243; img_size=&#8221;large&#8221; alignment=&#8221;center&#8221; style=&#8221;vc_box_rounded&#8221; css=&#8221;.vc_custom_1521727877183{margin-bottom: 0px !important;}&#8221;][\/vc_column_inner][vc_column_inner width=&#8221;1\/2&#8243;]<div class=\"ult-spacer spacer-69d984eb1dd5d\" data-id=\"69d984eb1dd5d\" data-height=\"70\" data-height-mobile=\"0\" data-height-tab=\"70\" data-height-tab-portrait=\"50\" data-height-mobile-landscape=\"0\" style=\"clear:both;display:block;\"><\/div>[vc_column_text]<\/p>\n<h3>The team<\/h3>\n<p>The Radyoga\u2019s team, it is <strong>Boris<\/strong>, the music programmer and original creator of the concept after a ski fall on the head.<\/p>\n<p>Yoga cames in his life to relieve his migraines. He became a yoga teacher and learn Ayurveda massage.<\/p>\n<p>In order to variate the ideas and inspirations, he surround himself with yoga teachers, handcrafter, blogers, diggeurs and music players interested by the project.<\/p>\n<p><strong>Tom<\/strong> join the team recently, an experimented yoga teacher and music addict.<\/p>\n<p><strong>Bang! The mix of all of this creates Radyoga!<\/strong>[\/vc_column_text][vc_single_image image=&#8221;2519&#8243; img_size=&#8221;large&#8221; alignment=&#8221;center&#8221; style=&#8221;vc_box_rounded&#8221; css=&#8221;.vc_custom_1521727905025{margin-bottom: 0px !important;}&#8221;][\/vc_column_inner][\/vc_row_inner][vc_row_inner][vc_column_inner width=&#8221;1\/3&#8243;][\/vc_column_inner][vc_column_inner width=&#8221;1\/3&#8243;]<div class=\"ult-spacer spacer-69d984eb1dd7c\" data-id=\"69d984eb1dd7c\" data-height=\"20\" data-height-mobile=\"0\" data-height-tab=\"20\" data-height-tab-portrait=\"20\" data-height-mobile-landscape=\"0\" style=\"clear:both;display:block;\"><\/div>[vc_single_image image=&#8221;2521&#8243; img_size=&#8221;large&#8221; alignment=&#8221;center&#8221; css=&#8221;.vc_custom_1521728147332{margin-bottom: 0px !important;}&#8221;][\/vc_column_inner][vc_column_inner width=&#8221;1\/3&#8243;]<div class=\"ult-spacer spacer-69d984eb1dd93\" data-id=\"69d984eb1dd93\" data-height=\"20\" data-height-mobile=\"0\" data-height-tab=\"20\" data-height-tab-portrait=\"20\" data-height-mobile-landscape=\"0\" style=\"clear:both;display:block;\"><\/div>[vc_column_text]<\/p>\n<h3>The Shop and advertiser corner<\/h3>\n<p>As the radio is without advertise, we propose to our partners to sell them goods on our website.<\/p>\n<p>We also suggest advertisement corners on our welcome page.<\/p>\n<p>Feel free to ask for our partnership conditions.<\/p>\n<p>If you believe in our project and you want us to continue to share all this love, we accept donation (of love, music or more\u2026 )[\/vc_column_text][\/vc_column_inner][\/vc_row_inner][\/vc_column][\/vc_row][vc_row][vc_column offset=&#8221;vc_hidden-lg vc_hidden-md vc_hidden-xs&#8221;][vc_single_image image=&#8221;567&#8243; img_size=&#8221;full&#8221; alignment=&#8221;center&#8221; css=&#8221;.vc_custom_1493724130387{margin-bottom: 0px !important;}&#8221;][vc_column_text]<\/p>\n<h3>L&#8217;\u00c9quipe<\/h3>\n<p>L\u2019\u00e9quipe de Radyoga, c\u2019est <strong>Emilie, la prof de yoga<\/strong>, hyper zen, celle qui cr\u00e9dibilise le projet et l\u2019esprit.<br \/>\nC\u2019est aussi <strong>Boris, le programmateur musical et le cr\u00e9ateur du concept<\/strong> apr\u00e8s une chute en ski sur la t\u00eate.<br \/>\nBoom ! Le mix de ces deux l\u00e0 a donn\u00e9 Radyoga.[\/vc_column_text][vc_single_image image=&#8221;600&#8243; img_size=&#8221;full&#8221; alignment=&#8221;center&#8221; css=&#8221;.vc_custom_1493724140598{margin-bottom: 0px !important;}&#8221;][vc_column_text]<\/p>\n<h3>Shop<\/h3>\n<p>Comme la radio est sans pub, nous souhaitons proposer \u00e0 nos partenaires de vendre leurs produits sur notre site web.<br \/>\nNous proposons \u00e9galement des espaces publicitaires visuels sur notre application (en cours de cr\u00e9ation) et sur notre site. N\u2019h\u00e9sitez pas \u00e0 nous solliciter pour conna\u00eetre nos conditions de partenariat et d\u2019espace annonceurs.[\/vc_column_text][\/vc_column][\/vc_row][vc_row][vc_column][vc_empty_space][\/vc_column][\/vc_row]<\/p>\n<\/section>","protected":false},"excerpt":{"rendered":"<p>[vc_row full_width=&#8221;stretch_row_content_no_spaces&#8221; css=&#8221;.vc_custom_1493391113725{background-image: url(https:\/\/www.radyoga.art\/wp-content\/uploads\/2017\/04\/header-Concept02.jpg?id=595) !important;background-position: center !important;background-repeat: no-repeat !important;background-size: cover !important;}&#8221;][vc_column][vc_empty_space height=&#8221;340px&#8221;][\/vc_column][\/vc_row][vc_row][vc_column offset=&#8221;vc_col-sm-offset-0&#8243;][vc_empty_space height=&#8221;35px&#8221;][vc_single_image image=&#8221;2442&#8243; img_size=&#8221;full&#8221;][\/vc_column][\/vc_row][vc_row gap=&#8221;5&#8243;][vc_column width=&#8221;1\/3&#8243; offset=&#8221;vc_hidden-sm&#8221;][vc_column_text]To Share wellness with music.. This is the founding idea from Radyoga. You\u2019ll find here life style and wellness blog articles, art inspiration, handcrafted goods. And all of this while listening music, cause firstly, Radyoga is a [&hellip;]<\/p>\n","protected":false},"author":1,"featured_media":0,"parent":0,"menu_order":0,"comment_status":"closed","ping_status":"closed","template":"","meta":{"_mi_skip_tracking":false,"_exactmetrics_sitenote_active":false,"_exactmetrics_sitenote_note":"","_exactmetrics_sitenote_category":0},"yoast_head":"<!-- This site is optimized with the Yoast SEO plugin v21.4 - https:\/\/yoast.com\/wordpress\/plugins\/seo\/ -->\n<title>The concept Radyoga - To Share wellness with music...<\/title>\n<meta name=\"description\" content=\"To Share wellness with music... This is the founding idea from Radyoga. You\u2019ll find here life style and wellness blog articles, art inspiration, handcrafted goods.\" \/>\n<meta name=\"robots\" content=\"index, follow, max-snippet:-1, max-image-preview:large, max-video-preview:-1\" \/>\n<link rel=\"canonical\" href=\"https:\/\/www.radyoga.art\/le-concept\/\" \/>\n<meta property=\"og:locale\" content=\"en_US\" \/>\n<meta property=\"og:type\" content=\"article\" \/>\n<meta property=\"og:title\" content=\"The concept Radyoga - To Share wellness with music...\" \/>\n<meta property=\"og:description\" content=\"To Share wellness with music... This is the founding idea from Radyoga. You\u2019ll find here life style and wellness blog articles, art inspiration, handcrafted goods.\" \/>\n<meta property=\"og:url\" content=\"https:\/\/www.radyoga.art\/le-concept\/\" \/>\n<meta property=\"og:site_name\" content=\"Radyoga\" \/>\n<meta property=\"article:publisher\" content=\"https:\/\/www.facebook.com\/radyogalove\/\" \/>\n<meta property=\"article:modified_time\" content=\"2018-03-22T14:18:03+00:00\" \/>\n<meta name=\"twitter:card\" content=\"summary_large_image\" \/>\n<meta name=\"twitter:label1\" content=\"Est. reading time\" \/>\n\t<meta name=\"twitter:data1\" content=\"5 minutes\" \/>\n<script type=\"application\/ld+json\" class=\"yoast-schema-graph\">{\"@context\":\"https:\/\/schema.org\",\"@graph\":[{\"@type\":\"WebPage\",\"@id\":\"https:\/\/www.radyoga.art\/le-concept\/\",\"url\":\"https:\/\/www.radyoga.art\/le-concept\/\",\"name\":\"The concept Radyoga - To Share wellness with music...\",\"isPartOf\":{\"@id\":\"https:\/\/www.radyoga.art\/#website\"},\"datePublished\":\"2017-04-28T10:11:04+00:00\",\"dateModified\":\"2018-03-22T14:18:03+00:00\",\"description\":\"To Share wellness with music... This is the founding idea from Radyoga. You\u2019ll find here life style and wellness blog articles, art inspiration, handcrafted goods.\",\"breadcrumb\":{\"@id\":\"https:\/\/www.radyoga.art\/le-concept\/#breadcrumb\"},\"inLanguage\":\"en-US\",\"potentialAction\":[{\"@type\":\"ReadAction\",\"target\":[\"https:\/\/www.radyoga.art\/le-concept\/\"]}]},{\"@type\":\"BreadcrumbList\",\"@id\":\"https:\/\/www.radyoga.art\/le-concept\/#breadcrumb\",\"itemListElement\":[{\"@type\":\"ListItem\",\"position\":1,\"name\":\"Accueil\",\"item\":\"https:\/\/www.radyoga.art\/en\/\"},{\"@type\":\"ListItem\",\"position\":2,\"name\":\"Concept\"}]},{\"@type\":\"WebSite\",\"@id\":\"https:\/\/www.radyoga.art\/#website\",\"url\":\"https:\/\/www.radyoga.art\/\",\"name\":\"Radyoga\",\"description\":\"Concept store musical\",\"publisher\":{\"@id\":\"https:\/\/www.radyoga.art\/#organization\"},\"potentialAction\":[{\"@type\":\"SearchAction\",\"target\":{\"@type\":\"EntryPoint\",\"urlTemplate\":\"https:\/\/www.radyoga.art\/?s={search_term_string}\"},\"query-input\":\"required name=search_term_string\"}],\"inLanguage\":\"en-US\"},{\"@type\":\"Organization\",\"@id\":\"https:\/\/www.radyoga.art\/#organization\",\"name\":\"Radyoga\",\"url\":\"https:\/\/www.radyoga.art\/\",\"logo\":{\"@type\":\"ImageObject\",\"inLanguage\":\"en-US\",\"@id\":\"https:\/\/www.radyoga.art\/#\/schema\/logo\/image\/\",\"url\":\"https:\/\/www.radyoga.art\/wp-content\/uploads\/2017\/04\/logo-radyoga.png\",\"contentUrl\":\"https:\/\/www.radyoga.art\/wp-content\/uploads\/2017\/04\/logo-radyoga.png\",\"width\":220,\"height\":220,\"caption\":\"Radyoga\"},\"image\":{\"@id\":\"https:\/\/www.radyoga.art\/#\/schema\/logo\/image\/\"},\"sameAs\":[\"https:\/\/www.facebook.com\/radyogalove\/\",\"https:\/\/www.instagram.com\/radyoga.art\/\"]}]}<\/script>\n<!-- \/ Yoast SEO plugin. -->","yoast_head_json":{"title":"The concept Radyoga - To Share wellness with music...","description":"To Share wellness with music... This is the founding idea from Radyoga. You\u2019ll find here life style and wellness blog articles, art inspiration, handcrafted goods.","robots":{"index":"index","follow":"follow","max-snippet":"max-snippet:-1","max-image-preview":"max-image-preview:large","max-video-preview":"max-video-preview:-1"},"canonical":"https:\/\/www.radyoga.art\/le-concept\/","og_locale":"en_US","og_type":"article","og_title":"The concept Radyoga - To Share wellness with music...","og_description":"To Share wellness with music... This is the founding idea from Radyoga. You\u2019ll find here life style and wellness blog articles, art inspiration, handcrafted goods.","og_url":"https:\/\/www.radyoga.art\/le-concept\/","og_site_name":"Radyoga","article_publisher":"https:\/\/www.facebook.com\/radyogalove\/","article_modified_time":"2018-03-22T14:18:03+00:00","twitter_card":"summary_large_image","twitter_misc":{"Est. reading time":"5 minutes"},"schema":{"@context":"https:\/\/schema.org","@graph":[{"@type":"WebPage","@id":"https:\/\/www.radyoga.art\/le-concept\/","url":"https:\/\/www.radyoga.art\/le-concept\/","name":"The concept Radyoga - To Share wellness with music...","isPartOf":{"@id":"https:\/\/www.radyoga.art\/#website"},"datePublished":"2017-04-28T10:11:04+00:00","dateModified":"2018-03-22T14:18:03+00:00","description":"To Share wellness with music... This is the founding idea from Radyoga. You\u2019ll find here life style and wellness blog articles, art inspiration, handcrafted goods.","breadcrumb":{"@id":"https:\/\/www.radyoga.art\/le-concept\/#breadcrumb"},"inLanguage":"en-US","potentialAction":[{"@type":"ReadAction","target":["https:\/\/www.radyoga.art\/le-concept\/"]}]},{"@type":"BreadcrumbList","@id":"https:\/\/www.radyoga.art\/le-concept\/#breadcrumb","itemListElement":[{"@type":"ListItem","position":1,"name":"Accueil","item":"https:\/\/www.radyoga.art\/en\/"},{"@type":"ListItem","position":2,"name":"Concept"}]},{"@type":"WebSite","@id":"https:\/\/www.radyoga.art\/#website","url":"https:\/\/www.radyoga.art\/","name":"Radyoga","description":"Concept store musical","publisher":{"@id":"https:\/\/www.radyoga.art\/#organization"},"potentialAction":[{"@type":"SearchAction","target":{"@type":"EntryPoint","urlTemplate":"https:\/\/www.radyoga.art\/?s={search_term_string}"},"query-input":"required name=search_term_string"}],"inLanguage":"en-US"},{"@type":"Organization","@id":"https:\/\/www.radyoga.art\/#organization","name":"Radyoga","url":"https:\/\/www.radyoga.art\/","logo":{"@type":"ImageObject","inLanguage":"en-US","@id":"https:\/\/www.radyoga.art\/#\/schema\/logo\/image\/","url":"https:\/\/www.radyoga.art\/wp-content\/uploads\/2017\/04\/logo-radyoga.png","contentUrl":"https:\/\/www.radyoga.art\/wp-content\/uploads\/2017\/04\/logo-radyoga.png","width":220,"height":220,"caption":"Radyoga"},"image":{"@id":"https:\/\/www.radyoga.art\/#\/schema\/logo\/image\/"},"sameAs":["https:\/\/www.facebook.com\/radyogalove\/","https:\/\/www.instagram.com\/radyoga.art\/"]}]}},"_links":{"self":[{"href":"https:\/\/www.radyoga.art\/en\/wp-json\/wp\/v2\/pages\/1624"}],"collection":[{"href":"https:\/\/www.radyoga.art\/en\/wp-json\/wp\/v2\/pages"}],"about":[{"href":"https:\/\/www.radyoga.art\/en\/wp-json\/wp\/v2\/types\/page"}],"author":[{"embeddable":true,"href":"https:\/\/www.radyoga.art\/en\/wp-json\/wp\/v2\/users\/1"}],"replies":[{"embeddable":true,"href":"https:\/\/www.radyoga.art\/en\/wp-json\/wp\/v2\/comments?post=1624"}],"version-history":[{"count":0,"href":"https:\/\/www.radyoga.art\/en\/wp-json\/wp\/v2\/pages\/1624\/revisions"}],"wp:attachment":[{"href":"https:\/\/www.radyoga.art\/en\/wp-json\/wp\/v2\/media?parent=1624"}],"curies":[{"name":"wp","href":"https:\/\/api.w.org\/{rel}","templated":true}]}}