{"id":2431,"date":"2018-02-27T08:44:07","date_gmt":"2018-02-27T07:44:07","guid":{"rendered":"https:\/\/www.radyoga.fr\/?page_id=2431"},"modified":"2018-02-27T08:45:29","modified_gmt":"2018-02-27T07:45:29","slug":"playlist-of-love","status":"publish","type":"page","link":"https:\/\/www.radyoga.art\/en\/playlist-of-love\/","title":{"rendered":"Playlist of Love"},"content":{"rendered":"<section class=\"wpb-content-wrapper\"><p>[vc_row][vc_column][vc_column_text]<\/p>\n<p style=\"text-align: center;\">In the Playlist of Love, we sugest you to go further in Radyoga experience.<\/p>\n<p style=\"text-align: center;\">Those are Youtube paylist, prepared by our team in order to accompany your yoga class, meditation, or aperitif\u2026<\/p>\n<p>[\/vc_column_text][vc_row_inner][vc_column_inner width=&#8221;1\/4&#8243;][vc_single_image image=&#8221;1540&#8243; img_size=&#8221;full&#8221; alignment=&#8221;center&#8221; onclick=&#8221;custom_link&#8221; img_link_target=&#8221;_blank&#8221; css=&#8221;.vc_custom_1500627444810{margin-bottom: 10px !important;}&#8221; link=&#8221;https:\/\/www.youtube.com\/playlist?list=PLHMbJYVaruAyJap9JsD_X7Qx5Cygh28-W&#8221;][vc_column_text]<\/p>\n<h3 style=\"text-align: center;\"><a href=\"https:\/\/www.youtube.com\/playlist?list=PLHMbJYVaruAyJap9JsD_X7Qx5Cygh28-W\" target=\"_blank\" rel=\"noopener noreferrer\">D\u00e9tente Apr\u00e8s La D\u00e9tente<\/a><\/h3>\n<p>[\/vc_column_text][\/vc_column_inner][vc_column_inner width=&#8221;1\/4&#8243;][vc_single_image image=&#8221;1542&#8243; img_size=&#8221;full&#8221; alignment=&#8221;center&#8221; onclick=&#8221;custom_link&#8221; img_link_target=&#8221;_blank&#8221; link=&#8221;https:\/\/www.youtube.com\/playlist?list=PLHMbJYVaruAy4s_BQyOQBcG-zkQHhozPf&#8221;][vc_column_text]<\/p>\n<h3 style=\"text-align: center;\"><a href=\"https:\/\/www.youtube.com\/playlist?list=PLHMbJYVaruAy4s_BQyOQBcG-zkQHhozPf\" target=\"_blank\" rel=\"noopener noreferrer\">Yoga Zen<\/a><\/h3>\n<p>[\/vc_column_text][\/vc_column_inner][vc_column_inner width=&#8221;1\/4&#8243;][vc_single_image image=&#8221;1541&#8243; img_size=&#8221;full&#8221; alignment=&#8221;center&#8221; onclick=&#8221;custom_link&#8221; img_link_target=&#8221;_blank&#8221; link=&#8221;https:\/\/www.youtube.com\/playlist?list=PLHMbJYVaruAxNqDLoXZu6cZo0y03RI_lZ&#8221;][vc_column_text]<\/p>\n<h3 style=\"text-align: center;\"><a href=\"https:\/\/www.youtube.com\/playlist?list=PLHMbJYVaruAxNqDLoXZu6cZo0y03RI_lZ\" target=\"_blank\" rel=\"noopener noreferrer\">Reggae Fever<\/a><\/h3>\n<p>[\/vc_column_text][\/vc_column_inner][vc_column_inner width=&#8221;1\/4&#8243;][vc_single_image image=&#8221;1545&#8243; img_size=&#8221;full&#8221; alignment=&#8221;center&#8221; onclick=&#8221;custom_link&#8221; img_link_target=&#8221;_blank&#8221; link=&#8221;https:\/\/www.youtube.com\/playlist?list=PLHMbJYVaruAzkOBVXbEWuOd5fmxFNA7TC&#8221;][vc_column_text]<\/p>\n<h3 style=\"text-align: center;\"><a href=\"https:\/\/www.youtube.com\/playlist?list=PLHMbJYVaruAzkOBVXbEWuOd5fmxFNA7TC\" target=\"_blank\" rel=\"noopener noreferrer\">Hip Hop M\u00e9ditatif<\/a><\/h3>\n<p>[\/vc_column_text][\/vc_column_inner][\/vc_row_inner][vc_row_inner][vc_column_inner width=&#8221;1\/4&#8243;][vc_single_image image=&#8221;1565&#8243; img_size=&#8221;full&#8221; alignment=&#8221;center&#8221; onclick=&#8221;custom_link&#8221; img_link_target=&#8221;_blank&#8221; link=&#8221;https:\/\/www.youtube.com\/playlist?list=PLHMbJYVaruAwQWy9POqIkoStQR1qRRZ59&#8243;][vc_column_text]<\/p>\n<h3 style=\"text-align: center;\"><a href=\"https:\/\/www.youtube.com\/playlist?list=PLHMbJYVaruAwQWy9POqIkoStQR1qRRZ59\" target=\"_blank\" rel=\"noopener noreferrer\">Bossa Nova &amp; Latin Soul<\/a><\/h3>\n<p>[\/vc_column_text][\/vc_column_inner][vc_column_inner width=&#8221;1\/4&#8243;][vc_single_image image=&#8221;1567&#8243; img_size=&#8221;full&#8221; alignment=&#8221;center&#8221; onclick=&#8221;custom_link&#8221; img_link_target=&#8221;_blank&#8221; link=&#8221;https:\/\/www.youtube.com\/playlist?list=PLHMbJYVaruAy5hDXZuE_TVmsjXgiGaFL0&#8243;][vc_column_text]<\/p>\n<h3 style=\"text-align: center;\"><a href=\"https:\/\/www.youtube.com\/playlist?list=PLHMbJYVaruAy5hDXZuE_TVmsjXgiGaFL0\" target=\"_blank\" rel=\"noopener noreferrer\">La cr\u00e8me de la cr\u00e8me<\/a><\/h3>\n<p>[\/vc_column_text][\/vc_column_inner][vc_column_inner width=&#8221;1\/4&#8243;][vc_single_image image=&#8221;1564&#8243; img_size=&#8221;full&#8221; alignment=&#8221;center&#8221; onclick=&#8221;custom_link&#8221; img_link_target=&#8221;_blank&#8221; css=&#8221;.vc_custom_1500714992112{margin-bottom: 10px !important;}&#8221; link=&#8221;https:\/\/www.youtube.com\/playlist?list=PLHMbJYVaruAxD5Nn-8squSaouXo9Wvmme&#8221;][vc_column_text]<\/p>\n<h3 style=\"text-align: center;\"><a href=\"https:\/\/www.youtube.com\/playlist?list=PLHMbJYVaruAxD5Nn-8squSaouXo9Wvmme\" target=\"_blank\" rel=\"noopener noreferrer\">Desire Vibrations<\/a><\/h3>\n<p>[\/vc_column_text][\/vc_column_inner][vc_column_inner width=&#8221;1\/4&#8243;][vc_single_image image=&#8221;1566&#8243; img_size=&#8221;full&#8221; alignment=&#8221;center&#8221; onclick=&#8221;custom_link&#8221; img_link_target=&#8221;_blank&#8221; link=&#8221;https:\/\/www.youtube.com\/playlist?list=PLHMbJYVaruAy-UqO6ojHexRqeWxdh971d&#8221;][vc_column_text]<\/p>\n<h3 style=\"text-align: center;\"><a href=\"https:\/\/www.youtube.com\/playlist?list=PLHMbJYVaruAy-UqO6ojHexRqeWxdh971d\" target=\"_blank\" rel=\"noopener noreferrer\">Western<\/a><\/h3>\n<p>[\/vc_column_text][\/vc_column_inner][\/vc_row_inner][vc_row_inner][vc_column_inner width=&#8221;1\/4&#8243;][vc_single_image image=&#8221;2363&#8243; img_size=&#8221;full&#8221; alignment=&#8221;center&#8221; onclick=&#8221;custom_link&#8221; img_link_target=&#8221;_blank&#8221; css=&#8221;.vc_custom_1519306822238{margin-bottom: 10px !important;}&#8221; link=&#8221;https:\/\/www.youtube.com\/playlist?list=PLHMbJYVaruAyCGTyqm680WH8ECW9kfyZn&amp;disable_polymer=true&#8221;][vc_column_text]<\/p>\n<h3 style=\"text-align: center;\"><a href=\"https:\/\/www.youtube.com\/playlist?list=PLHMbJYVaruAyCGTyqm680WH8ECW9kfyZn\" target=\"_blank\" rel=\"noopener noreferrer\">Yoga Dynamique<\/a><\/h3>\n<p>[\/vc_column_text][\/vc_column_inner][vc_column_inner width=&#8221;1\/4&#8243;][vc_single_image image=&#8221;2364&#8243; img_size=&#8221;full&#8221; alignment=&#8221;center&#8221; onclick=&#8221;custom_link&#8221; img_link_target=&#8221;_blank&#8221; link=&#8221;https:\/\/www.youtube.com\/playlist?list=PLHMbJYVaruAzfAjLsSZuQKiMZ6-KRa-fU&#8221;][vc_column_text]<\/p>\n<h3 style=\"text-align: center;\"><a href=\"https:\/\/www.youtube.com\/playlist?list=PLHMbJYVaruAzfAjLsSZuQKiMZ6-KRa-fU\" target=\"_blank\" rel=\"noopener noreferrer\">Gipsy Spirit<\/a><\/h3>\n<p>[\/vc_column_text][\/vc_column_inner][vc_column_inner width=&#8221;1\/4&#8243;][vc_single_image image=&#8221;2365&#8243; img_size=&#8221;full&#8221; alignment=&#8221;center&#8221; onclick=&#8221;custom_link&#8221; img_link_target=&#8221;_blank&#8221; link=&#8221;https:\/\/www.youtube.com\/playlist?list=PLHMbJYVaruAy_ioGnvf96fbEnFaMniCZ8&#8243;][vc_column_text]<\/p>\n<h3 style=\"text-align: center;\"><a href=\"https:\/\/www.youtube.com\/playlist?list=PLHMbJYVaruAy-UqO6ojHexRqeWxdh971d\">Burning ap\u00e9ro<\/a><\/h3>\n<p>[\/vc_column_text][\/vc_column_inner][\/vc_row_inner][\/vc_column][\/vc_row]<\/p>\n<\/section>","protected":false},"excerpt":{"rendered":"<p>[vc_row][vc_column][vc_column_text] In the Playlist of Love, we sugest you to go further in Radyoga experience. Those are Youtube paylist, prepared by our team in order to accompany your yoga class, meditation, or aperitif\u2026 [\/vc_column_text][vc_row_inner][vc_column_inner width=&#8221;1\/4&#8243;][vc_single_image image=&#8221;1540&#8243; img_size=&#8221;full&#8221; alignment=&#8221;center&#8221; onclick=&#8221;custom_link&#8221; img_link_target=&#8221;_blank&#8221; css=&#8221;.vc_custom_1500627444810{margin-bottom: 10px !important;}&#8221; link=&#8221;https:\/\/www.youtube.com\/playlist?list=PLHMbJYVaruAyJap9JsD_X7Qx5Cygh28-W&#8221;][vc_column_text] D\u00e9tente Apr\u00e8s La D\u00e9tente [\/vc_column_text][\/vc_column_inner][vc_column_inner width=&#8221;1\/4&#8243;][vc_single_image image=&#8221;1542&#8243; img_size=&#8221;full&#8221; alignment=&#8221;center&#8221; onclick=&#8221;custom_link&#8221; img_link_target=&#8221;_blank&#8221; [&hellip;]<\/p>\n","protected":false},"author":1,"featured_media":0,"parent":0,"menu_order":0,"comment_status":"closed","ping_status":"closed","template":"","meta":{"_mi_skip_tracking":false,"_exactmetrics_sitenote_active":false,"_exactmetrics_sitenote_note":"","_exactmetrics_sitenote_category":0},"yoast_head":"<!-- This site is optimized with the Yoast SEO plugin v21.4 - https:\/\/yoast.com\/wordpress\/plugins\/seo\/ -->\n<title>In the Playlist of Love, we sugest you to go further in Radyoga experience.<\/title>\n<meta name=\"description\" content=\"In the Playlist of Love, we sugest you to go further in Radyoga experience. Those are Youtube paylist, prepared by our team in order to accompany your yoga class, meditation, or aperitif\u2026\" \/>\n<meta name=\"robots\" content=\"index, follow, max-snippet:-1, max-image-preview:large, max-video-preview:-1\" \/>\n<link rel=\"canonical\" href=\"https:\/\/www.radyoga.art\/playlist-of-love\/\" \/>\n<meta property=\"og:locale\" content=\"en_US\" \/>\n<meta property=\"og:type\" content=\"article\" \/>\n<meta property=\"og:title\" content=\"In the Playlist of Love, we sugest you to go further in Radyoga experience.\" \/>\n<meta property=\"og:description\" content=\"In the Playlist of Love, we sugest you to go further in Radyoga experience. Those are Youtube paylist, prepared by our team in order to accompany your yoga class, meditation, or aperitif\u2026\" \/>\n<meta property=\"og:url\" content=\"https:\/\/www.radyoga.art\/playlist-of-love\/\" \/>\n<meta property=\"og:site_name\" content=\"Radyoga\" \/>\n<meta property=\"article:publisher\" content=\"https:\/\/www.facebook.com\/radyogalove\/\" \/>\n<meta property=\"article:modified_time\" content=\"2018-02-27T07:45:29+00:00\" \/>\n<meta name=\"twitter:card\" content=\"summary_large_image\" \/>\n<meta name=\"twitter:label1\" content=\"Est. reading time\" \/>\n\t<meta name=\"twitter:data1\" content=\"3 minutes\" \/>\n<script type=\"application\/ld+json\" class=\"yoast-schema-graph\">{\"@context\":\"https:\/\/schema.org\",\"@graph\":[{\"@type\":\"WebPage\",\"@id\":\"https:\/\/www.radyoga.art\/playlist-of-love\/\",\"url\":\"https:\/\/www.radyoga.art\/playlist-of-love\/\",\"name\":\"In the Playlist of Love, we sugest you to go further in Radyoga experience.\",\"isPartOf\":{\"@id\":\"https:\/\/www.radyoga.art\/#website\"},\"datePublished\":\"2018-02-27T07:44:07+00:00\",\"dateModified\":\"2018-02-27T07:45:29+00:00\",\"description\":\"In the Playlist of Love, we sugest you to go further in Radyoga experience. Those are Youtube paylist, prepared by our team in order to accompany your yoga class, meditation, or aperitif\u2026\",\"breadcrumb\":{\"@id\":\"https:\/\/www.radyoga.art\/playlist-of-love\/#breadcrumb\"},\"inLanguage\":\"en-US\",\"potentialAction\":[{\"@type\":\"ReadAction\",\"target\":[\"https:\/\/www.radyoga.art\/playlist-of-love\/\"]}]},{\"@type\":\"BreadcrumbList\",\"@id\":\"https:\/\/www.radyoga.art\/playlist-of-love\/#breadcrumb\",\"itemListElement\":[{\"@type\":\"ListItem\",\"position\":1,\"name\":\"Accueil\",\"item\":\"https:\/\/www.radyoga.art\/en\/\"},{\"@type\":\"ListItem\",\"position\":2,\"name\":\"Playlist of Love\"}]},{\"@type\":\"WebSite\",\"@id\":\"https:\/\/www.radyoga.art\/#website\",\"url\":\"https:\/\/www.radyoga.art\/\",\"name\":\"Radyoga\",\"description\":\"Concept store musical\",\"publisher\":{\"@id\":\"https:\/\/www.radyoga.art\/#organization\"},\"potentialAction\":[{\"@type\":\"SearchAction\",\"target\":{\"@type\":\"EntryPoint\",\"urlTemplate\":\"https:\/\/www.radyoga.art\/?s={search_term_string}\"},\"query-input\":\"required name=search_term_string\"}],\"inLanguage\":\"en-US\"},{\"@type\":\"Organization\",\"@id\":\"https:\/\/www.radyoga.art\/#organization\",\"name\":\"Radyoga\",\"url\":\"https:\/\/www.radyoga.art\/\",\"logo\":{\"@type\":\"ImageObject\",\"inLanguage\":\"en-US\",\"@id\":\"https:\/\/www.radyoga.art\/#\/schema\/logo\/image\/\",\"url\":\"https:\/\/www.radyoga.art\/wp-content\/uploads\/2017\/04\/logo-radyoga.png\",\"contentUrl\":\"https:\/\/www.radyoga.art\/wp-content\/uploads\/2017\/04\/logo-radyoga.png\",\"width\":220,\"height\":220,\"caption\":\"Radyoga\"},\"image\":{\"@id\":\"https:\/\/www.radyoga.art\/#\/schema\/logo\/image\/\"},\"sameAs\":[\"https:\/\/www.facebook.com\/radyogalove\/\",\"https:\/\/www.instagram.com\/radyoga.art\/\"]}]}<\/script>\n<!-- \/ Yoast SEO plugin. -->","yoast_head_json":{"title":"In the Playlist of Love, we sugest you to go further in Radyoga experience.","description":"In the Playlist of Love, we sugest you to go further in Radyoga experience. Those are Youtube paylist, prepared by our team in order to accompany your yoga class, meditation, or aperitif\u2026","robots":{"index":"index","follow":"follow","max-snippet":"max-snippet:-1","max-image-preview":"max-image-preview:large","max-video-preview":"max-video-preview:-1"},"canonical":"https:\/\/www.radyoga.art\/playlist-of-love\/","og_locale":"en_US","og_type":"article","og_title":"In the Playlist of Love, we sugest you to go further in Radyoga experience.","og_description":"In the Playlist of Love, we sugest you to go further in Radyoga experience. Those are Youtube paylist, prepared by our team in order to accompany your yoga class, meditation, or aperitif\u2026","og_url":"https:\/\/www.radyoga.art\/playlist-of-love\/","og_site_name":"Radyoga","article_publisher":"https:\/\/www.facebook.com\/radyogalove\/","article_modified_time":"2018-02-27T07:45:29+00:00","twitter_card":"summary_large_image","twitter_misc":{"Est. reading time":"3 minutes"},"schema":{"@context":"https:\/\/schema.org","@graph":[{"@type":"WebPage","@id":"https:\/\/www.radyoga.art\/playlist-of-love\/","url":"https:\/\/www.radyoga.art\/playlist-of-love\/","name":"In the Playlist of Love, we sugest you to go further in Radyoga experience.","isPartOf":{"@id":"https:\/\/www.radyoga.art\/#website"},"datePublished":"2018-02-27T07:44:07+00:00","dateModified":"2018-02-27T07:45:29+00:00","description":"In the Playlist of Love, we sugest you to go further in Radyoga experience. Those are Youtube paylist, prepared by our team in order to accompany your yoga class, meditation, or aperitif\u2026","breadcrumb":{"@id":"https:\/\/www.radyoga.art\/playlist-of-love\/#breadcrumb"},"inLanguage":"en-US","potentialAction":[{"@type":"ReadAction","target":["https:\/\/www.radyoga.art\/playlist-of-love\/"]}]},{"@type":"BreadcrumbList","@id":"https:\/\/www.radyoga.art\/playlist-of-love\/#breadcrumb","itemListElement":[{"@type":"ListItem","position":1,"name":"Accueil","item":"https:\/\/www.radyoga.art\/en\/"},{"@type":"ListItem","position":2,"name":"Playlist of Love"}]},{"@type":"WebSite","@id":"https:\/\/www.radyoga.art\/#website","url":"https:\/\/www.radyoga.art\/","name":"Radyoga","description":"Concept store musical","publisher":{"@id":"https:\/\/www.radyoga.art\/#organization"},"potentialAction":[{"@type":"SearchAction","target":{"@type":"EntryPoint","urlTemplate":"https:\/\/www.radyoga.art\/?s={search_term_string}"},"query-input":"required name=search_term_string"}],"inLanguage":"en-US"},{"@type":"Organization","@id":"https:\/\/www.radyoga.art\/#organization","name":"Radyoga","url":"https:\/\/www.radyoga.art\/","logo":{"@type":"ImageObject","inLanguage":"en-US","@id":"https:\/\/www.radyoga.art\/#\/schema\/logo\/image\/","url":"https:\/\/www.radyoga.art\/wp-content\/uploads\/2017\/04\/logo-radyoga.png","contentUrl":"https:\/\/www.radyoga.art\/wp-content\/uploads\/2017\/04\/logo-radyoga.png","width":220,"height":220,"caption":"Radyoga"},"image":{"@id":"https:\/\/www.radyoga.art\/#\/schema\/logo\/image\/"},"sameAs":["https:\/\/www.facebook.com\/radyogalove\/","https:\/\/www.instagram.com\/radyoga.art\/"]}]}},"_links":{"self":[{"href":"https:\/\/www.radyoga.art\/en\/wp-json\/wp\/v2\/pages\/2431"}],"collection":[{"href":"https:\/\/www.radyoga.art\/en\/wp-json\/wp\/v2\/pages"}],"about":[{"href":"https:\/\/www.radyoga.art\/en\/wp-json\/wp\/v2\/types\/page"}],"author":[{"embeddable":true,"href":"https:\/\/www.radyoga.art\/en\/wp-json\/wp\/v2\/users\/1"}],"replies":[{"embeddable":true,"href":"https:\/\/www.radyoga.art\/en\/wp-json\/wp\/v2\/comments?post=2431"}],"version-history":[{"count":0,"href":"https:\/\/www.radyoga.art\/en\/wp-json\/wp\/v2\/pages\/2431\/revisions"}],"wp:attachment":[{"href":"https:\/\/www.radyoga.art\/en\/wp-json\/wp\/v2\/media?parent=2431"}],"curies":[{"name":"wp","href":"https:\/\/api.w.org\/{rel}","templated":true}]}}